{"id":2139,"date":"2017-07-27T15:22:57","date_gmt":"2017-07-27T13:22:57","guid":{"rendered":"http:\/\/www.test.edenwaygroup.com\/?page_id=2139\/"},"modified":"2018-05-24T17:55:05","modified_gmt":"2018-05-24T15:55:05","slug":"legal-notices","status":"publish","type":"page","link":"http:\/\/www.edenwaygroup.com\/fr\/legal-notices\/","title":{"rendered":"Legal Notices"},"content":{"rendered":"<p>[et_pb_section bb_built=\u00a0\u00bb1&Prime; admin_label=\u00a0\u00bbSection\u00a0\u00bb transparent_background=\u00a0\u00bbon\u00a0\u00bb fullwidth=\u00a0\u00bbon\u00a0\u00bb _builder_version=\u00a0\u00bb3.0.51&Prime;][et_pb_fullwidth_image admin_label=\u00a0\u00bbImage en pleine largeur\u00a0\u00bb src=\u00a0\u00bbhttp:\/\/www.edenwaygroup.com\/wp-content\/uploads\/2017\/07\/p1legal.png\u00a0\u00bb _builder_version=\u00a0\u00bb3.0.51&Prime; show_in_lightbox=\u00a0\u00bboff\u00a0\u00bb url_new_window=\u00a0\u00bboff\u00a0\u00bb use_overlay=\u00a0\u00bboff\u00a0\u00bb border_style=\u00a0\u00bbsolid\u00a0\u00bb animation=\u00a0\u00bbleft\u00a0\u00bb \/][\/et_pb_section][et_pb_section bb_built=\u00a0\u00bb1&Prime; admin_label=\u00a0\u00bbSection\u00a0\u00bb custom_padding=\u00a0\u00bb0px|0px|0px|0px\u00a0\u00bb _builder_version=\u00a0\u00bb3.0.51&Prime;][et_pb_row admin_label=\u00a0\u00bbLigne\u00a0\u00bb make_fullwidth=\u00a0\u00bbon\u00a0\u00bb background_position_1=\u00a0\u00bbtop_left\u00a0\u00bb background_repeat_1=\u00a0\u00bbno-repeat\u00a0\u00bb _builder_version=\u00a0\u00bb3.0.51&Prime; custom_padding=\u00a0\u00bb27px|0px|0px|0px\u00a0\u00bb][et_pb_column type=\u00a0\u00bb4_4&Prime;][et_pb_text admin_label=\u00a0\u00bbTexte\u00a0\u00bb _builder_version=\u00a0\u00bb3.0.51&Prime;]<\/p>\n<h1 style=\"text-align: center;\"><span style=\"color: #808080;\">MENTIONS L\u00c9GALES<\/span><\/h1>\n<p>[\/et_pb_text][et_pb_divider admin_label=\u00a0\u00bbS\u00e9parateur\u00a0\u00bb color=\u00a0\u00bbrgba(0,0,0,0.63)\u00a0\u00bb show_divider=\u00a0\u00bbon\u00a0\u00bb divider_style=\u00a0\u00bbsolid\u00a0\u00bb divider_position=\u00a0\u00bbtop\u00a0\u00bb _builder_version=\u00a0\u00bb3.0.51&Prime; \/][\/et_pb_column][\/et_pb_row][\/et_pb_section][et_pb_section bb_built=\u00a0\u00bb1&Prime; admin_label=\u00a0\u00bbSection\u00a0\u00bb _builder_version=\u00a0\u00bb3.0.51&Prime; custom_padding=\u00a0\u00bb0px|0px|54px|0px\u00a0\u00bb][et_pb_row admin_label=\u00a0\u00bbLigne\u00a0\u00bb _builder_version=\u00a0\u00bb3.0.47&Prime; background_size=\u00a0\u00bbinitial\u00a0\u00bb background_position=\u00a0\u00bbtop_left\u00a0\u00bb background_repeat=\u00a0\u00bbrepeat\u00a0\u00bb custom_padding=\u00a0\u00bb96px|0px|27px|0px\u00a0\u00bb][et_pb_column type=\u00a0\u00bb4_4&Prime;][et_pb_text admin_label=\u00a0\u00bbTexte\u00a0\u00bb _builder_version=\u00a0\u00bb3.0.51&Prime; background_layout=\u00a0\u00bblight\u00a0\u00bb text_orientation=\u00a0\u00bbleft\u00a0\u00bb border_style=\u00a0\u00bbsolid\u00a0\u00bb]<\/p>\n<p><strong>Edenway<\/strong><\/p>\n<p>Ce site est \u00e9dit\u00e9 par la soci\u00e9t\u00e9 Edenway, soci\u00e9t\u00e9 \u00e0 responsabilit\u00e9 limit\u00e9e\u00a0 inscrite au registre du commerce et des soci\u00e9t\u00e9s de Barcelone B65484677.<\/p>\n<p><strong>Si\u00e8ge social :<\/strong><\/p>\n<p>Calle Sicilia, 212-214, Entlo 3a<br \/>\n08013 Barcelone<br \/>\nEspagne<\/p>\n<p>Directeur de la publication : S\u00e9bastien Dalmas<\/p>\n<p><strong>H\u00e9bergeur<\/strong><\/p>\n<p>HostPapa<\/p>\n<p><span style=\"font-size: 14px;\">10-12, avenue de L&rsquo;Arche<\/span><\/p>\n<p><span style=\"font-size: 14px;\">Faubourg de L&rsquo;Arche<\/span><\/p>\n<p>Courbevoie Cedex<\/p>\n<p>92419 Paris La D\u00e9fense<\/p>\n<p>France<\/p>\n<p>Chaque internaute ayant d\u00e9pos\u00e9 des informations nominatives le concernant sur le Site dispose des droits d\u2019opposition, d\u2019acc\u00e8s et de rectification de ces donn\u00e9es. Ainsi, il peut exiger que soient rectifi\u00e9es, compl\u00e9t\u00e9es, clarifi\u00e9es, mises \u00e0 jour ou effac\u00e9es les informations le concernant qui sont inexactes, incompl\u00e8tes, \u00e9quivoques, p\u00e9rim\u00e9es, ou dont la collecte ou l\u2019utilisation, la communication ou la conservation est interdite. Chaque internaute peut exercer ces droits en \u00e9crivant \u00e0 contact@edenwaygroup.com ou \u00e0 Edenway, Calle Sicilia, 212-214, Entlo 3a, 08013 Barcelone<\/p>\n<p>[\/et_pb_text][\/et_pb_column][\/et_pb_row][\/et_pb_section][et_pb_section bb_built=\u00a0\u00bb1&Prime; admin_label=\u00a0\u00bbSection\u00a0\u00bb transparent_background=\u00a0\u00bbon\u00a0\u00bb fullwidth=\u00a0\u00bbon\u00a0\u00bb _builder_version=\u00a0\u00bb3.0.51&Prime;][et_pb_fullwidth_image admin_label=\u00a0\u00bbImage en pleine largeur\u00a0\u00bb src=\u00a0\u00bbhttp:\/\/www.edenwaygroup.com\/wp-content\/uploads\/2017\/07\/p2-legal.png\u00a0\u00bb show_in_lightbox=\u00a0\u00bbon\u00a0\u00bb _builder_version=\u00a0\u00bb3.0.51&Prime; url_new_window=\u00a0\u00bboff\u00a0\u00bb use_overlay=\u00a0\u00bboff\u00a0\u00bb border_style=\u00a0\u00bbsolid\u00a0\u00bb animation=\u00a0\u00bbleft\u00a0\u00bb \/][\/et_pb_section]<\/p>\n","protected":false},"excerpt":{"rendered":"<p>[et_pb_section bb_built=\u00a0\u00bb1&Prime; admin_label=\u00a0\u00bbSection\u00a0\u00bb transparent_background=\u00a0\u00bbon\u00a0\u00bb fullwidth=\u00a0\u00bbon\u00a0\u00bb _builder_version=\u00a0\u00bb3.0.51&Prime;][et_pb_fullwidth_image admin_label=\u00a0\u00bbImage en pleine largeur\u00a0\u00bb src=\u00a0\u00bbhttp:\/\/www.edenwaygroup.com\/wp-content\/uploads\/2017\/07\/p1legal.png\u00a0\u00bb _builder_version=\u00a0\u00bb3.0.51&Prime; show_in_lightbox=\u00a0\u00bboff\u00a0\u00bb url_new_window=\u00a0\u00bboff\u00a0\u00bb use_overlay=\u00a0\u00bboff\u00a0\u00bb border_style=\u00a0\u00bbsolid\u00a0\u00bb animation=\u00a0\u00bbleft\u00a0\u00bb \/][\/et_pb_section][et_pb_section bb_built=\u00a0\u00bb1&Prime; admin_label=\u00a0\u00bbSection\u00a0\u00bb custom_padding=\u00a0\u00bb0px|0px|0px|0px\u00a0\u00bb _builder_version=\u00a0\u00bb3.0.51&Prime;][et_pb_row admin_label=\u00a0\u00bbLigne\u00a0\u00bb make_fullwidth=\u00a0\u00bbon\u00a0\u00bb background_position_1=\u00a0\u00bbtop_left\u00a0\u00bb background_repeat_1=\u00a0\u00bbno-repeat\u00a0\u00bb _builder_version=\u00a0\u00bb3.0.51&Prime; custom_padding=\u00a0\u00bb27px|0px|0px|0px\u00a0\u00bb][et_pb_column type=\u00a0\u00bb4_4&Prime;][et_pb_text admin_label=\u00a0\u00bbTexte\u00a0\u00bb _builder_version=\u00a0\u00bb3.0.51&Prime;] MENTIONS L\u00c9GALES [\/et_pb_text][et_pb_divider admin_label=\u00a0\u00bbS\u00e9parateur\u00a0\u00bb color=\u00a0\u00bbrgba(0,0,0,0.63)\u00a0\u00bb show_divider=\u00a0\u00bbon\u00a0\u00bb divider_style=\u00a0\u00bbsolid\u00a0\u00bb divider_position=\u00a0\u00bbtop\u00a0\u00bb _builder_version=\u00a0\u00bb3.0.51&Prime; \/][\/et_pb_column][\/et_pb_row][\/et_pb_section][et_pb_section bb_built=\u00a0\u00bb1&Prime; admin_label=\u00a0\u00bbSection\u00a0\u00bb _builder_version=\u00a0\u00bb3.0.51&Prime; custom_padding=\u00a0\u00bb0px|0px|54px|0px\u00a0\u00bb][et_pb_row admin_label=\u00a0\u00bbLigne\u00a0\u00bb _builder_version=\u00a0\u00bb3.0.47&Prime; background_size=\u00a0\u00bbinitial\u00a0\u00bb background_position=\u00a0\u00bbtop_left\u00a0\u00bb background_repeat=\u00a0\u00bbrepeat\u00a0\u00bb custom_padding=\u00a0\u00bb96px|0px|27px|0px\u00a0\u00bb][et_pb_column type=\u00a0\u00bb4_4&Prime;][et_pb_text admin_label=\u00a0\u00bbTexte\u00a0\u00bb _builder_version=\u00a0\u00bb3.0.51&Prime; background_layout=\u00a0\u00bblight\u00a0\u00bb [&hellip;]<\/p>\n","protected":false},"author":1,"featured_media":0,"parent":0,"menu_order":0,"comment_status":"closed","ping_status":"closed","template":"","meta":{"_et_pb_use_builder":"on","_et_pb_old_content":"","_et_gb_content_width":"","footnotes":""},"class_list":["post-2139","page","type-page","status-publish","hentry"],"_links":{"self":[{"href":"http:\/\/www.edenwaygroup.com\/fr\/wp-json\/wp\/v2\/pages\/2139","targetHints":{"allow":["GET"]}}],"collection":[{"href":"http:\/\/www.edenwaygroup.com\/fr\/wp-json\/wp\/v2\/pages"}],"about":[{"href":"http:\/\/www.edenwaygroup.com\/fr\/wp-json\/wp\/v2\/types\/page"}],"author":[{"embeddable":true,"href":"http:\/\/www.edenwaygroup.com\/fr\/wp-json\/wp\/v2\/users\/1"}],"replies":[{"embeddable":true,"href":"http:\/\/www.edenwaygroup.com\/fr\/wp-json\/wp\/v2\/comments?post=2139"}],"version-history":[{"count":0,"href":"http:\/\/www.edenwaygroup.com\/fr\/wp-json\/wp\/v2\/pages\/2139\/revisions"}],"wp:attachment":[{"href":"http:\/\/www.edenwaygroup.com\/fr\/wp-json\/wp\/v2\/media?parent=2139"}],"curies":[{"name":"wp","href":"https:\/\/api.w.org\/{rel}","templated":true}]}}