{"id":219,"date":"2017-06-13T12:00:37","date_gmt":"2017-06-13T10:00:37","guid":{"rendered":"http:\/\/localhost\/wordpress\/?page_id=219"},"modified":"2017-07-09T18:45:11","modified_gmt":"2017-07-09T16:45:11","slug":"competence","status":"publish","type":"page","link":"http:\/\/www.edenwaygroup.com\/fr\/home\/competence\/","title":{"rendered":"NOS M\u00c9TIERS"},"content":{"rendered":"<p>[et_pb_section fb_built=\u00a0\u00bb1&Prime; custom_padding=\u00a0\u00bb1px|0px|20px|0px\u00a0\u00bb admin_label=\u00a0\u00bbsection\u00a0\u00bb _builder_version=\u00a0\u00bb3.0.47&Prime;][et_pb_row admin_label=\u00a0\u00bbrow\u00a0\u00bb _builder_version=\u00a0\u00bb3.0.47&Prime; background_size=\u00a0\u00bbinitial\u00a0\u00bb background_position=\u00a0\u00bbtop_left\u00a0\u00bb background_repeat=\u00a0\u00bbrepeat\u00a0\u00bb][et_pb_column type=\u00a0\u00bb4_4&Prime; _builder_version=\u00a0\u00bb3.0.47&Prime; parallax=\u00a0\u00bboff\u00a0\u00bb parallax_method=\u00a0\u00bbon\u00a0\u00bb][et_pb_text admin_label=\u00a0\u00bbText\u00a0\u00bb _builder_version=\u00a0\u00bb3.0.47&Prime; background_size=\u00a0\u00bbinitial\u00a0\u00bb background_position=\u00a0\u00bbtop_left\u00a0\u00bb background_repeat=\u00a0\u00bbrepeat\u00a0\u00bb]<\/p>\n<h1 style=\"background-color: #ffffff; text-align: center;\"><span style=\"font-size: xx-large; color: #135d41;\"><strong style=\"font-size: 32px;\"><span style=\"font-size: 32px; font-family: Ubuntu;\">\u00a0 \u00a0 \u00a0 \u00a0NOS METIERS\u00a0<\/span><\/strong><\/span><\/h1>\n<p>[\/et_pb_text][\/et_pb_column][\/et_pb_row][et_pb_row _builder_version=\u00a0\u00bb3.0.51&Prime;][et_pb_column type=\u00a0\u00bb4_4&Prime; _builder_version=\u00a0\u00bb3.0.51&Prime; parallax=\u00a0\u00bboff\u00a0\u00bb parallax_method=\u00a0\u00bbon\u00a0\u00bb][et_pb_divider show_divider=\u00a0\u00bbon\u00a0\u00bb _builder_version=\u00a0\u00bb3.0.51&Prime; color=\u00a0\u00bbrgba(0,0,0,0.63)\u00a0\u00bb][\/et_pb_divider][\/et_pb_column][\/et_pb_row][\/et_pb_section][et_pb_section fb_built=\u00a0\u00bb1&Prime; custom_padding=\u00a0\u00bb0px|0px|0px|0px\u00a0\u00bb admin_label=\u00a0\u00bbsection\u00a0\u00bb _builder_version=\u00a0\u00bb3.0.51&Prime;][et_pb_row custom_padding=\u00a0\u00bb8px|0px|410px|0px\u00a0\u00bb admin_label=\u00a0\u00bbrow\u00a0\u00bb _builder_version=\u00a0\u00bb3.0.51&Prime;][et_pb_column type=\u00a0\u00bb1_2&Prime; _builder_version=\u00a0\u00bb3.0.47&Prime; parallax=\u00a0\u00bboff\u00a0\u00bb parallax_method=\u00a0\u00bbon\u00a0\u00bb][et_pb_text admin_label=\u00a0\u00bbTexte\u00a0\u00bb _builder_version=\u00a0\u00bb3.0.51&Prime;]<\/p>\n<style>@import url(https:\/\/fonts.googleapis.com\/css?family=Open+Sans);<\/style><style>.wcp-caption-plugin {\r\n                      border: medium none !important;\r\n                      box-shadow: none !important;\r\n                    }<\/style><ul class=\"ahe-caption\"><li class=\"caption_li\" style=\"margin: 0 30px 30px;\"><div style=\"width:480px; height:300px; border: 12px solid #F5F5F5;box-shadow: 1px 2px 2px #cacaca;border-radius: ;\" class=\"wcp-caption-plugin\"><a target=\"\" href=\"http:\/\/www.edenwaygroup.com\/inno\/\"><div class=\"image-caption-box\">\r\n                <div style=\"width:480px; height:300px; background-color: #ffffff; color: #ffffff; opacity: ; \" class=\"caption simple-fade captiontext\">\r\n                        <div style=\"display:table;height:100%;width: 100%;\">\r\n                            <div style=\"text-align: center; padding: 5px;\" class=\"centered-text\">\r\n                                <h3 style=\"letter-spacing: 0px; margin-top: 0px; font-family: Open+Sans; font-size: 30px; color:rgba(0,0,0,0.63);\">Innovations Actives<\/h3>\r\n                                <p style=\"font-family: Open+Sans; font-size: 12px; color:rgba(0,0,0,0.63);\"><p style=\"text-align: center;\"><span style=\"color: #333333;\">Le mouvement de transition durable des territoires est souvent impuls\u00e9 par un \u00e9v\u00e8nement d\u00e9clencheur qui prend la forme d\u2019un projet ponctuel. Edenway s\u2019est int\u00e9ress\u00e9 \u00e0 la fabrique de ces projets, \u00e0 leur ing\u00e9nierie, \u00e0 tous les \u00e9l\u00e9ments qui contribuent \u00e0 leur r\u00e9ussite.\r\n<\/span><\/p><\/p>\r\n                            <\/div>\r\n                        <\/div>\r\n                <\/div>\r\n                <img decoding=\"async\" style=\"width:480px; height:300px; transition: all 1s ease; animation-duration: 1s;\" src=\"http:\/\/www.edenwaygroup.com\/wp-content\/uploads\/2017\/07\/nosmetiers.png\" class=\"wcp-caption-image\">\r\n                <\/div>\r\n                <\/a>\r\n    \r\n            <\/div><\/li><\/ul><style>\r\n    @media only screen and (min-width: 320px) and (max-width: 480px) {\r\n            .wcp-caption-plugin {\r\n        \t\t  width: 240px !important;\r\n        \t\t  height: 240px !important;\r\n        \t\t}.caption {\r\n        \t\t  height: 240px !important;\r\n        \t\t  width: 240px !important;\r\n        \t\t}.wcp-caption-image {\r\n                  width: 240px !important;\r\n                  height: 240px !important;\r\n                }.ahe-caption {\r\n                  text-align: center;\r\n                }.caption_li {\r\n                  display: inline-block;\r\n                  float: none;\r\n                }.captiontext .centered-text h3 {\r\n                  font-size: 18px !important;\r\n                }.captiontext .centered-text p {\r\n                  font-size: 16px !important;\r\n                }.caption_li {\r\n                  margin: 0 10px 10px !important;\r\n                }       \r\n    \r\n    }\r\n    \r\n    @media only screen and (min-width: 768px) and (max-width: 1023px) {\r\n            .wcp-caption-plugin {\r\n        \t\t  width: 300px !important;\r\n        \t\t  height: 300px !important;\r\n        \t\t}.caption {\r\n        \t\t  height: 300px !important;\r\n        \t\t  width: 300px !important;\r\n        \t\t}.wcp-caption-image {\r\n                  width: 300px !important;\r\n                  height: 300px !important;\r\n                }.ahe-caption {\r\n                  text-align: center;\r\n                }.caption_li {\r\n                  display: inline-block;\r\n                  float: none;\r\n                }.captiontext .centered-text h3 {\r\n                  font-size: 18px !important;\r\n                }.captiontext .centered-text p {\r\n                  font-size: 16px !important;\r\n                }.caption_li {\r\n                  margin: 0 10px 10px !important;\r\n                }\r\n                \r\n    \r\n    }\r\n    \r\n    <\/style>\n<p>[\/et_pb_text][\/et_pb_column][et_pb_column type=\u00a0\u00bb1_2&Prime; _builder_version=\u00a0\u00bb3.0.47&Prime; parallax=\u00a0\u00bboff\u00a0\u00bb parallax_method=\u00a0\u00bbon\u00a0\u00bb][et_pb_text admin_label=\u00a0\u00bbTexte\u00a0\u00bb _builder_version=\u00a0\u00bb3.0.51&Prime;]<\/p>\n<style>@import url(https:\/\/fonts.googleapis.com\/css?family=Open+Sans);<\/style><style>.wcp-caption-plugin {\r\n                      border: medium none !important;\r\n                      box-shadow: none !important;\r\n                    }<\/style><ul class=\"ahe-caption\"><li class=\"caption_li\" style=\"margin: 0 15px 30px;\"><div style=\"width:480px; height:300px; border: 12px solid #F5F5F5;box-shadow: 1px 2px 2px #cacaca;border-radius: ;\" class=\"wcp-caption-plugin\"><a target=\"\" href=\"http:\/\/www.edenwaygroup.com\/home\/competence\/skills\/\"><div class=\"image-caption-box\">\r\n                <div style=\"width:480px; height:300px; background-color: #ffffff; color: #ffffff; opacity: ; \" class=\"caption simple-fade captiontext\">\r\n                        <div style=\"display:table;height:100%;width: 100%;\">\r\n                            <div style=\"text-align: center; padding: 5px;\" class=\"centered-text\">\r\n                                <h3 style=\"letter-spacing: 0px; margin-top: 0px; font-family: Open+Sans; font-size: 30px; color:rgba(0,0,0,0.63);\">Comp\u00e9tences <\/h3>\r\n                                <p style=\"font-family: Open+Sans; font-size: 12px; color:rgba(0,0,0,0.63);\"><p style=\"text-align: center;\"><span style=\"color: #333333;\">Strategie<\/span><\/p>\r\n<p style=\"text-align: center;\"><span style=\"color: #333333;\">Coordination et Gestion de Projets<\/span><\/p>\r\n<p style=\"text-align: center;\"><span style=\"color: #333333;\">D\u00e9veloppement \u00e9conomique<\/span><\/p><\/p>\r\n                            <\/div>\r\n                        <\/div>\r\n                <\/div>\r\n                <img decoding=\"async\" style=\"width:480px; height:300px; transition: all 1s ease; animation-duration: 1s;\" src=\"http:\/\/www.edenwaygroup.com\/wp-content\/uploads\/2017\/07\/noscomptetences.png\" class=\"wcp-caption-image\">\r\n                <\/div>\r\n                <\/a>\r\n    \r\n            <\/div><\/li><\/ul><style>\r\n    @media only screen and (min-width: 320px) and (max-width: 480px) {\r\n            .wcp-caption-plugin {\r\n        \t\t  width: 240px !important;\r\n        \t\t  height: 240px !important;\r\n        \t\t}.caption {\r\n        \t\t  height: 240px !important;\r\n        \t\t  width: 240px !important;\r\n        \t\t}.wcp-caption-image {\r\n                  width: 240px !important;\r\n                  height: 240px !important;\r\n                }.ahe-caption {\r\n                  text-align: center;\r\n                }.caption_li {\r\n                  display: inline-block;\r\n                  float: none;\r\n                }.captiontext .centered-text h3 {\r\n                  font-size: 18px !important;\r\n                }.captiontext .centered-text p {\r\n                  font-size: 16px !important;\r\n                }.caption_li {\r\n                  margin: 0 10px 10px !important;\r\n                }       \r\n    \r\n    }\r\n    \r\n    @media only screen and (min-width: 768px) and (max-width: 1023px) {\r\n            .wcp-caption-plugin {\r\n        \t\t  width: 300px !important;\r\n        \t\t  height: 300px !important;\r\n        \t\t}.caption {\r\n        \t\t  height: 300px !important;\r\n        \t\t  width: 300px !important;\r\n        \t\t}.wcp-caption-image {\r\n                  width: 300px !important;\r\n                  height: 300px !important;\r\n                }.ahe-caption {\r\n                  text-align: center;\r\n                }.caption_li {\r\n                  display: inline-block;\r\n                  float: none;\r\n                }.captiontext .centered-text h3 {\r\n                  font-size: 18px !important;\r\n                }.captiontext .centered-text p {\r\n                  font-size: 16px !important;\r\n                }.caption_li {\r\n                  margin: 0 10px 10px !important;\r\n                }\r\n                \r\n    \r\n    }\r\n    \r\n    <\/style>\n<p>[\/et_pb_text][\/et_pb_column][\/et_pb_row][\/et_pb_section]<\/p>\n","protected":false},"excerpt":{"rendered":"<p>[et_pb_section fb_built=\u00a0\u00bb1&Prime; custom_padding=\u00a0\u00bb1px|0px|20px|0px\u00a0\u00bb admin_label=\u00a0\u00bbsection\u00a0\u00bb _builder_version=\u00a0\u00bb3.0.47&Prime;][et_pb_row admin_label=\u00a0\u00bbrow\u00a0\u00bb _builder_version=\u00a0\u00bb3.0.47&Prime; background_size=\u00a0\u00bbinitial\u00a0\u00bb background_position=\u00a0\u00bbtop_left\u00a0\u00bb background_repeat=\u00a0\u00bbrepeat\u00a0\u00bb][et_pb_column type=\u00a0\u00bb4_4&Prime; _builder_version=\u00a0\u00bb3.0.47&Prime; parallax=\u00a0\u00bboff\u00a0\u00bb parallax_method=\u00a0\u00bbon\u00a0\u00bb][et_pb_text admin_label=\u00a0\u00bbText\u00a0\u00bb _builder_version=\u00a0\u00bb3.0.47&Prime; background_size=\u00a0\u00bbinitial\u00a0\u00bb background_position=\u00a0\u00bbtop_left\u00a0\u00bb background_repeat=\u00a0\u00bbrepeat\u00a0\u00bb] \u00a0 \u00a0 \u00a0 \u00a0NOS METIERS\u00a0 [\/et_pb_text][\/et_pb_column][\/et_pb_row][et_pb_row _builder_version=\u00a0\u00bb3.0.51&Prime;][et_pb_column type=\u00a0\u00bb4_4&Prime; _builder_version=\u00a0\u00bb3.0.51&Prime; parallax=\u00a0\u00bboff\u00a0\u00bb parallax_method=\u00a0\u00bbon\u00a0\u00bb][et_pb_divider show_divider=\u00a0\u00bbon\u00a0\u00bb _builder_version=\u00a0\u00bb3.0.51&Prime; color=\u00a0\u00bbrgba(0,0,0,0.63)\u00a0\u00bb][\/et_pb_divider][\/et_pb_column][\/et_pb_row][\/et_pb_section][et_pb_section fb_built=\u00a0\u00bb1&Prime; custom_padding=\u00a0\u00bb0px|0px|0px|0px\u00a0\u00bb admin_label=\u00a0\u00bbsection\u00a0\u00bb _builder_version=\u00a0\u00bb3.0.51&Prime;][et_pb_row custom_padding=\u00a0\u00bb8px|0px|410px|0px\u00a0\u00bb admin_label=\u00a0\u00bbrow\u00a0\u00bb _builder_version=\u00a0\u00bb3.0.51&Prime;][et_pb_column type=\u00a0\u00bb1_2&Prime; _builder_version=\u00a0\u00bb3.0.47&Prime; parallax=\u00a0\u00bboff\u00a0\u00bb parallax_method=\u00a0\u00bbon\u00a0\u00bb][et_pb_text admin_label=\u00a0\u00bbTexte\u00a0\u00bb _builder_version=\u00a0\u00bb3.0.51&Prime;] [\/et_pb_text][\/et_pb_column][et_pb_column type=\u00a0\u00bb1_2&Prime; _builder_version=\u00a0\u00bb3.0.47&Prime; parallax=\u00a0\u00bboff\u00a0\u00bb parallax_method=\u00a0\u00bbon\u00a0\u00bb][et_pb_text admin_label=\u00a0\u00bbTexte\u00a0\u00bb _builder_version=\u00a0\u00bb3.0.51&Prime;] [\/et_pb_text][\/et_pb_column][\/et_pb_row][\/et_pb_section]<\/p>\n","protected":false},"author":1,"featured_media":0,"parent":162,"menu_order":0,"comment_status":"closed","ping_status":"closed","template":"","meta":{"_et_pb_use_builder":"on","_et_pb_old_content":"","_et_gb_content_width":"","footnotes":""},"class_list":["post-219","page","type-page","status-publish","hentry"],"_links":{"self":[{"href":"http:\/\/www.edenwaygroup.com\/fr\/wp-json\/wp\/v2\/pages\/219","targetHints":{"allow":["GET"]}}],"collection":[{"href":"http:\/\/www.edenwaygroup.com\/fr\/wp-json\/wp\/v2\/pages"}],"about":[{"href":"http:\/\/www.edenwaygroup.com\/fr\/wp-json\/wp\/v2\/types\/page"}],"author":[{"embeddable":true,"href":"http:\/\/www.edenwaygroup.com\/fr\/wp-json\/wp\/v2\/users\/1"}],"replies":[{"embeddable":true,"href":"http:\/\/www.edenwaygroup.com\/fr\/wp-json\/wp\/v2\/comments?post=219"}],"version-history":[{"count":0,"href":"http:\/\/www.edenwaygroup.com\/fr\/wp-json\/wp\/v2\/pages\/219\/revisions"}],"up":[{"embeddable":true,"href":"http:\/\/www.edenwaygroup.com\/fr\/wp-json\/wp\/v2\/pages\/162"}],"wp:attachment":[{"href":"http:\/\/www.edenwaygroup.com\/fr\/wp-json\/wp\/v2\/media?parent=219"}],"curies":[{"name":"wp","href":"https:\/\/api.w.org\/{rel}","templated":true}]}}