{"id":281,"date":"2017-06-14T12:47:21","date_gmt":"2017-06-14T10:47:21","guid":{"rendered":"http:\/\/localhost\/wordpress\/?page_id=281"},"modified":"2017-08-05T10:14:07","modified_gmt":"2017-08-05T08:14:07","slug":"circular-economy","status":"publish","type":"page","link":"http:\/\/www.edenwaygroup.com\/fr\/home\/services\/circular-economy\/","title":{"rendered":"Economie circulaire"},"content":{"rendered":"<p>[et_pb_section bb_built=\u00a0\u00bb1&Prime; admin_label=\u00a0\u00bbSection\u00a0\u00bb background_color=\u00a0\u00bb#eb8b2d\u00a0\u00bb custom_padding=\u00a0\u00bb8px|0px|4px|0px\u00a0\u00bb _builder_version=\u00a0\u00bb3.0.51&Prime;][et_pb_row admin_label=\u00a0\u00bbLigne\u00a0\u00bb _builder_version=\u00a0\u00bb3.0.47&Prime; background_size=\u00a0\u00bbinitial\u00a0\u00bb background_position=\u00a0\u00bbtop_left\u00a0\u00bb background_repeat=\u00a0\u00bbrepeat\u00a0\u00bb][et_pb_column type=\u00a0\u00bb4_4&Prime;][et_pb_text admin_label=\u00a0\u00bbTexte\u00a0\u00bb _builder_version=\u00a0\u00bb3.0.51&Prime;]<\/p>\n<h2 style=\"text-align: center;\"><span style=\"color: #ffffff;\">\u00c9CONOMIE CIRCULAIRE<\/span><\/h2>\n<p>[\/et_pb_text][\/et_pb_column][\/et_pb_row][\/et_pb_section][et_pb_section bb_built=\u00a0\u00bb1&Prime; admin_label=\u00a0\u00bbsection\u00a0\u00bb custom_padding=\u00a0\u00bb46px|0px|0px|0px\u00a0\u00bb _builder_version=\u00a0\u00bb3.0.47&Prime;][et_pb_row admin_label=\u00a0\u00bbrow\u00a0\u00bb _builder_version=\u00a0\u00bb3.0.51&Prime;][et_pb_column type=\u00a0\u00bb4_4&Prime;][et_pb_text admin_label=\u00a0\u00bbTexte\u00a0\u00bb _builder_version=\u00a0\u00bb3.0.51&Prime;]<\/p>\n<h2><span style=\"color: #0c5d35;\">Eden<\/span><span style=\"color: #eb8b2d;\">way<\/span> propose de transformer de mani\u00e8re durable les lin\u00e9arit\u00e9s d\u2019une ville, en actions de retour (innovation circulaire) gr\u00e2ce aux interconnexions entre les flux de mat\u00e9riaux et les flux d\u2019information et de connaissance:<\/h2>\n<p>[\/et_pb_text][\/et_pb_column][\/et_pb_row][\/et_pb_section][et_pb_section bb_built=\u00a0\u00bb1&Prime; admin_label=\u00a0\u00bbSection\u00a0\u00bb _builder_version=\u00a0\u00bb3.0.47&Prime;][et_pb_row admin_label=\u00a0\u00bbLigne\u00a0\u00bb _builder_version=\u00a0\u00bb3.0.47&Prime; background_size=\u00a0\u00bbinitial\u00a0\u00bb background_position=\u00a0\u00bbtop_left\u00a0\u00bb background_repeat=\u00a0\u00bbrepeat\u00a0\u00bb][et_pb_column type=\u00a0\u00bb1_3&Prime;][et_pb_blurb admin_label=\u00a0\u00bbR\u00e9sum\u00e9\u00a0\u00bb icon_color=\u00a0\u00bb#085b38&Prime; image=\u00a0\u00bbhttp:\/\/www.edenwaygroup.com\/wp-content\/uploads\/2017\/07\/strategy.png\u00a0\u00bb max_width=\u00a0\u00bb60px\u00a0\u00bb _builder_version=\u00a0\u00bb3.0.51&Prime; inline_fonts=\u00a0\u00bbUbuntu\u00a0\u00bb url_new_window=\u00a0\u00bboff\u00a0\u00bb use_icon=\u00a0\u00bboff\u00a0\u00bb use_circle=\u00a0\u00bboff\u00a0\u00bb use_circle_border=\u00a0\u00bboff\u00a0\u00bb icon_placement=\u00a0\u00bbtop\u00a0\u00bb use_icon_font_size=\u00a0\u00bboff\u00a0\u00bb background_layout=\u00a0\u00bblight\u00a0\u00bb border_style=\u00a0\u00bbsolid\u00a0\u00bb animation=\u00a0\u00bbtop\u00a0\u00bb]<\/p>\n<p style=\"text-align: center;\">D\u00e9tection des opportunit\u00e9s d\u2019innovation circulaire sur un territoire<\/p>\n<p>[\/et_pb_blurb][\/et_pb_column][et_pb_column type=\u00a0\u00bb1_3&Prime;][et_pb_blurb admin_label=\u00a0\u00bbR\u00e9sum\u00e9\u00a0\u00bb icon_color=\u00a0\u00bb#085b38&Prime; image=\u00a0\u00bbhttp:\/\/www.edenwaygroup.com\/wp-content\/uploads\/2017\/07\/transfer-1.png\u00a0\u00bb max_width=\u00a0\u00bb70px\u00a0\u00bb _builder_version=\u00a0\u00bb3.0.51&Prime; inline_fonts=\u00a0\u00bbUbuntu\u00a0\u00bb url_new_window=\u00a0\u00bboff\u00a0\u00bb use_icon=\u00a0\u00bboff\u00a0\u00bb use_circle=\u00a0\u00bboff\u00a0\u00bb use_circle_border=\u00a0\u00bboff\u00a0\u00bb icon_placement=\u00a0\u00bbtop\u00a0\u00bb use_icon_font_size=\u00a0\u00bboff\u00a0\u00bb background_layout=\u00a0\u00bblight\u00a0\u00bb border_style=\u00a0\u00bbsolid\u00a0\u00bb animation=\u00a0\u00bbtop\u00a0\u00bb]<\/p>\n<p style=\"text-align: center;\">Exp\u00e9rimentation: coordination de projets pilotes de connexion de ressources<\/p>\n<p>[\/et_pb_blurb][\/et_pb_column][et_pb_column type=\u00a0\u00bb1_3&Prime;][et_pb_blurb admin_label=\u00a0\u00bbR\u00e9sum\u00e9\u00a0\u00bb icon_color=\u00a0\u00bb#085b38&Prime; image=\u00a0\u00bbhttp:\/\/www.edenwaygroup.com\/wp-content\/uploads\/2017\/07\/growth-1.png\u00a0\u00bb max_width=\u00a0\u00bb85px\u00a0\u00bb _builder_version=\u00a0\u00bb3.0.51&Prime; inline_fonts=\u00a0\u00bbUbuntu\u00a0\u00bb url_new_window=\u00a0\u00bboff\u00a0\u00bb use_icon=\u00a0\u00bboff\u00a0\u00bb use_circle=\u00a0\u00bboff\u00a0\u00bb use_circle_border=\u00a0\u00bboff\u00a0\u00bb icon_placement=\u00a0\u00bbtop\u00a0\u00bb use_icon_font_size=\u00a0\u00bboff\u00a0\u00bb background_layout=\u00a0\u00bblight\u00a0\u00bb border_style=\u00a0\u00bbsolid\u00a0\u00bb animation=\u00a0\u00bbtop\u00a0\u00bb]<\/p>\n<p style=\"text-align: center;\">D\u00e9veloppement et recherche de financements<\/p>\n<p>[\/et_pb_blurb][\/et_pb_column][\/et_pb_row][et_pb_row admin_label=\u00a0\u00bbLigne\u00a0\u00bb _builder_version=\u00a0\u00bb3.0.47&Prime; background_size=\u00a0\u00bbinitial\u00a0\u00bb background_position=\u00a0\u00bbtop_left\u00a0\u00bb background_repeat=\u00a0\u00bbrepeat\u00a0\u00bb][et_pb_column type=\u00a0\u00bb1_3&Prime;][et_pb_blurb admin_label=\u00a0\u00bbR\u00e9sum\u00e9\u00a0\u00bb icon_color=\u00a0\u00bb#085b38&Prime; image=\u00a0\u00bbhttp:\/\/www.edenwaygroup.com\/wp-content\/uploads\/2017\/07\/idea-3.png\u00a0\u00bb max_width=\u00a0\u00bb90px\u00a0\u00bb _builder_version=\u00a0\u00bb3.0.51&Prime; inline_fonts=\u00a0\u00bbUbuntu\u00a0\u00bb url_new_window=\u00a0\u00bboff\u00a0\u00bb use_icon=\u00a0\u00bboff\u00a0\u00bb use_circle=\u00a0\u00bboff\u00a0\u00bb use_circle_border=\u00a0\u00bboff\u00a0\u00bb icon_placement=\u00a0\u00bbtop\u00a0\u00bb use_icon_font_size=\u00a0\u00bboff\u00a0\u00bb background_layout=\u00a0\u00bblight\u00a0\u00bb border_style=\u00a0\u00bbsolid\u00a0\u00bb animation=\u00a0\u00bbtop\u00a0\u00bb]<\/p>\n<p style=\"text-align: center;\">D\u00e9ploiement de programmes de sensibilisation et changement de culture des ressources<\/p>\n<p>[\/et_pb_blurb][\/et_pb_column][et_pb_column type=\u00a0\u00bb1_3&Prime;][et_pb_blurb admin_label=\u00a0\u00bbR\u00e9sum\u00e9\u00a0\u00bb icon_color=\u00a0\u00bb#085b38&Prime; image=\u00a0\u00bbhttp:\/\/www.edenwaygroup.com\/wp-content\/uploads\/2017\/07\/renewable-energy-1.png\u00a0\u00bb max_width=\u00a0\u00bb100px\u00a0\u00bb _builder_version=\u00a0\u00bb3.0.51&Prime; inline_fonts=\u00a0\u00bbUbuntu\u00a0\u00bb url_new_window=\u00a0\u00bboff\u00a0\u00bb use_icon=\u00a0\u00bboff\u00a0\u00bb use_circle=\u00a0\u00bboff\u00a0\u00bb use_circle_border=\u00a0\u00bboff\u00a0\u00bb icon_placement=\u00a0\u00bbtop\u00a0\u00bb use_icon_font_size=\u00a0\u00bboff\u00a0\u00bb background_layout=\u00a0\u00bblight\u00a0\u00bb border_style=\u00a0\u00bbsolid\u00a0\u00bb animation=\u00a0\u00bbtop\u00a0\u00bb]<\/p>\n<p style=\"text-align: center;\">Analyse de cycle de vie et \u00e9valuation d\u2019impact<\/p>\n<p>[\/et_pb_blurb][\/et_pb_column][et_pb_column type=\u00a0\u00bb1_3&Prime;][et_pb_blurb admin_label=\u00a0\u00bbR\u00e9sum\u00e9\u00a0\u00bb icon_color=\u00a0\u00bb#085b38&Prime; image=\u00a0\u00bbhttp:\/\/www.edenwaygroup.com\/wp-content\/uploads\/2017\/07\/think-green.png\u00a0\u00bb max_width=\u00a0\u00bb95px\u00a0\u00bb _builder_version=\u00a0\u00bb3.0.51&Prime; inline_fonts=\u00a0\u00bbUbuntu\u00a0\u00bb url_new_window=\u00a0\u00bboff\u00a0\u00bb use_icon=\u00a0\u00bboff\u00a0\u00bb use_circle=\u00a0\u00bboff\u00a0\u00bb use_circle_border=\u00a0\u00bboff\u00a0\u00bb icon_placement=\u00a0\u00bbtop\u00a0\u00bb use_icon_font_size=\u00a0\u00bboff\u00a0\u00bb background_layout=\u00a0\u00bblight\u00a0\u00bb border_style=\u00a0\u00bbsolid\u00a0\u00bb animation=\u00a0\u00bbtop\u00a0\u00bb]<\/p>\n<p style=\"text-align: center;\">Strat\u00e9gies de promotion de l\u2019\u00e9conomie verte et circulaire<\/p>\n<p>[\/et_pb_blurb][\/et_pb_column][\/et_pb_row][\/et_pb_section][et_pb_section bb_built=\u00a0\u00bb1&Prime; admin_label=\u00a0\u00bbsection\u00a0\u00bb custom_padding=\u00a0\u00bb4px|0px|0px|0px\u00a0\u00bb _builder_version=\u00a0\u00bb3.0.51&Prime;][et_pb_row admin_label=\u00a0\u00bbrow\u00a0\u00bb custom_padding=\u00a0\u00bb2px|0px|27px|0px\u00a0\u00bb _builder_version=\u00a0\u00bb3.0.51&Prime;][et_pb_column type=\u00a0\u00bb4_4&Prime;][et_pb_text admin_label=\u00a0\u00bbTexte\u00a0\u00bb _builder_version=\u00a0\u00bb3.0.51&Prime;]<\/p>\n<h1 style=\"background-color: #ffffff; text-align: center;\"><span style=\"color: #135d41; font-family: Ubuntu;\"><span style=\"font-size: 32px;\"><b>NOS R\u00c9F\u00c9RENCES<\/b><\/span><\/span><\/h1>\n<p>[\/et_pb_text][et_pb_divider admin_label=\u00a0\u00bbS\u00e9parateur\u00a0\u00bb color=\u00a0\u00bb#eb8b2d\u00a0\u00bb show_divider=\u00a0\u00bbon\u00a0\u00bb divider_style=\u00a0\u00bbsolid\u00a0\u00bb divider_position=\u00a0\u00bbtop\u00a0\u00bb _builder_version=\u00a0\u00bb3.0.51&Prime; \/][\/et_pb_column][\/et_pb_row][\/et_pb_section][et_pb_section bb_built=\u00a0\u00bb1&Prime; admin_label=\u00a0\u00bbSection\u00a0\u00bb _builder_version=\u00a0\u00bb3.0.51&Prime;][et_pb_row admin_label=\u00a0\u00bbLigne\u00a0\u00bb _builder_version=\u00a0\u00bb3.0.47&Prime; background_size=\u00a0\u00bbinitial\u00a0\u00bb background_position=\u00a0\u00bbtop_left\u00a0\u00bb background_repeat=\u00a0\u00bbrepeat\u00a0\u00bb][et_pb_column type=\u00a0\u00bb1_2&Prime;][et_pb_image admin_label=\u00a0\u00bbImage\u00a0\u00bb src=\u00a0\u00bbhttp:\/\/www.edenwaygroup.com\/wp-content\/uploads\/2017\/06\/eco.png\u00a0\u00bb _builder_version=\u00a0\u00bb3.0.51&Prime; show_in_lightbox=\u00a0\u00bboff\u00a0\u00bb url_new_window=\u00a0\u00bboff\u00a0\u00bb use_overlay=\u00a0\u00bboff\u00a0\u00bb sticky=\u00a0\u00bboff\u00a0\u00bb align=\u00a0\u00bbleft\u00a0\u00bb always_center_on_mobile=\u00a0\u00bbon\u00a0\u00bb border_style=\u00a0\u00bbsolid\u00a0\u00bb force_fullwidth=\u00a0\u00bboff\u00a0\u00bb \/][et_pb_text admin_label=\u00a0\u00bbTexte\u00a0\u00bb _builder_version=\u00a0\u00bb3.0.51&Prime;]<\/p>\n<h4 style=\"text-align: center;\"><strong>Promotion de l\u2019\u00e9conomie verte et circulaire dans un polygone industriel<\/p>\n<p> <\/strong><\/h4>\n<p><strong><\/strong><\/p>\n<p>[\/et_pb_text][et_pb_tabs admin_label=\u00a0\u00bbOnglets\u00a0\u00bb active_tab_background_color=\u00a0\u00bb#0c5d35&Prime; inactive_tab_background_color=\u00a0\u00bb#eb8b2d\u00a0\u00bb _builder_version=\u00a0\u00bb3.0.51&Prime; tab_font_size=\u00a0\u00bb13px\u00a0\u00bb tab_text_color=\u00a0\u00bb#ffffff\u00a0\u00bb body_text_color=\u00a0\u00bbrgba(0,0,0,0.74)\u00a0\u00bb use_border_color=\u00a0\u00bbon\u00a0\u00bb]<\/p>\n<p>[et_pb_tab title=\u00a0\u00bbQui \u00a0\u00bb _builder_version=\u00a0\u00bb3.0.47&Prime; tab_font=\u00a0\u00bb||||\u00a0\u00bb tab_line_height=\u00a0\u00bb2em\u00a0\u00bb tab_line_height_tablet=\u00a0\u00bb2em\u00a0\u00bb tab_line_height_phone=\u00a0\u00bb2em\u00a0\u00bb body_font=\u00a0\u00bb||||\u00a0\u00bb body_line_height=\u00a0\u00bb2em\u00a0\u00bb body_line_height_tablet=\u00a0\u00bb2em\u00a0\u00bb body_line_height_phone=\u00a0\u00bb2em\u00a0\u00bb background_size=\u00a0\u00bbinitial\u00a0\u00bb background_position=\u00a0\u00bbtop_left\u00a0\u00bb background_repeat=\u00a0\u00bbrepeat\u00a0\u00bb]<\/p>\n<p>L\u2019agence de d\u00e9veloppement \u00e9conomique de la ville de Barcelone, Barcelona Activa.<\/p>\n<p>[\/et_pb_tab][et_pb_tab title=\u00a0\u00bbL&rsquo;Enjeu\u00a0\u00bb _builder_version=\u00a0\u00bb3.0.47&Prime; tab_font=\u00a0\u00bb||||\u00a0\u00bb tab_line_height=\u00a0\u00bb2em\u00a0\u00bb tab_line_height_tablet=\u00a0\u00bb2em\u00a0\u00bb tab_line_height_phone=\u00a0\u00bb2em\u00a0\u00bb body_font=\u00a0\u00bb||||\u00a0\u00bb body_line_height=\u00a0\u00bb2em\u00a0\u00bb body_line_height_tablet=\u00a0\u00bb2em\u00a0\u00bb body_line_height_phone=\u00a0\u00bb2em\u00a0\u00bb background_size=\u00a0\u00bbinitial\u00a0\u00bb background_position=\u00a0\u00bbtop_left\u00a0\u00bb background_repeat=\u00a0\u00bbrepeat\u00a0\u00bb]<\/p>\n<p>La dynamisation d\u2019un polygone industriel de la ville, situ\u00e9 dans un quartier en d\u00e9clin, et en proie \u00e0 une d\u00e9sertification des entrep\u00f4ts disponibles.<\/p>\n<p>[\/et_pb_tab][et_pb_tab title=\u00a0\u00bbL&rsquo;apport Edenway\u00a0\u00bb _builder_version=\u00a0\u00bb3.0.47&Prime; tab_font=\u00a0\u00bb||||\u00a0\u00bb tab_line_height=\u00a0\u00bb2em\u00a0\u00bb tab_line_height_tablet=\u00a0\u00bb2em\u00a0\u00bb tab_line_height_phone=\u00a0\u00bb2em\u00a0\u00bb body_font=\u00a0\u00bb||||\u00a0\u00bb body_line_height=\u00a0\u00bb2em\u00a0\u00bb body_line_height_tablet=\u00a0\u00bb2em\u00a0\u00bb body_line_height_phone=\u00a0\u00bb2em\u00a0\u00bb background_size=\u00a0\u00bbinitial\u00a0\u00bb background_position=\u00a0\u00bbtop_left\u00a0\u00bb background_repeat=\u00a0\u00bbrepeat\u00a0\u00bb]<\/p>\n<p>Edenway a r\u00e9alis\u00e9 une \u00e9tude de benchmark sur les \u00e9coparcs d\u2019activit\u00e9, ou autre zone industrielle pouvant apporter des exemples r\u00e9plicables de \u00ab\u00a0bonnes pratiques\u00a0\u00bb. Une \u00e9tude de la situation a \u00e9t\u00e9 r\u00e9alis\u00e9e, en collaboration avec les responsables de Barcelona Activa, ainsi qu\u2019une session de co-cr\u00e9ation, ou ont \u00e9t\u00e9 propos\u00e9es toutes les actions possibles. Edenway a alors synth\u00e9tis\u00e9 ces informations dans un plan strat\u00e9gique.<\/p>\n<p>[\/et_pb_tab][et_pb_tab title=\u00a0\u00bbLes r\u00e9sultats \u00a0\u00bb _builder_version=\u00a0\u00bb3.0.47&Prime; tab_font=\u00a0\u00bb||||\u00a0\u00bb tab_line_height=\u00a0\u00bb2em\u00a0\u00bb tab_line_height_tablet=\u00a0\u00bb2em\u00a0\u00bb tab_line_height_phone=\u00a0\u00bb2em\u00a0\u00bb body_font=\u00a0\u00bb||||\u00a0\u00bb body_line_height=\u00a0\u00bb2em\u00a0\u00bb body_line_height_tablet=\u00a0\u00bb2em\u00a0\u00bb body_line_height_phone=\u00a0\u00bb2em\u00a0\u00bb background_size=\u00a0\u00bbinitial\u00a0\u00bb background_position=\u00a0\u00bbtop_left\u00a0\u00bb background_repeat=\u00a0\u00bbrepeat\u00a0\u00bb]<\/p>\n<p>Une feuille de route \u00e0 trois ans, d\u00e9taillant et chiffrant un programme d\u2019action \u00e0 mener de 4 ordres diff\u00e9rents\u00a0:<\/p>\n<p>-Un catalogue de services pour les entreprises du polygone.<\/p>\n<p>-La collaboration entre les entreprises et les diff\u00e9rents acteurs du polygone.<\/p>\n<p>-L\u2019appui \u00e0 l\u2019\u00e9conomie verte et circulaire.<\/p>\n<p>-L\u2019attractivit\u00e9 g\u00e9n\u00e9rale et la dynamisation des entrep\u00f4ts vides.<\/p>\n<p>Ce programme sera appliqu\u00e9 tel quel au cours de la p\u00e9riode 2017-2020.<\/p>\n<p>[\/et_pb_tab]<\/p>\n<p>[\/et_pb_tabs][\/et_pb_column][et_pb_column type=\u00a0\u00bb1_2&Prime;][et_pb_image admin_label=\u00a0\u00bbImage\u00a0\u00bb src=\u00a0\u00bbhttp:\/\/www.edenwaygroup.com\/wp-content\/uploads\/2017\/06\/pied.png\u00a0\u00bb _builder_version=\u00a0\u00bb3.0.51&Prime; show_in_lightbox=\u00a0\u00bboff\u00a0\u00bb url_new_window=\u00a0\u00bboff\u00a0\u00bb use_overlay=\u00a0\u00bboff\u00a0\u00bb sticky=\u00a0\u00bboff\u00a0\u00bb align=\u00a0\u00bbleft\u00a0\u00bb always_center_on_mobile=\u00a0\u00bbon\u00a0\u00bb border_style=\u00a0\u00bbsolid\u00a0\u00bb force_fullwidth=\u00a0\u00bboff\u00a0\u00bb \/][et_pb_text admin_label=\u00a0\u00bbTexte\u00a0\u00bb _builder_version=\u00a0\u00bb3.0.51&Prime;]<\/p>\n<h4 style=\"text-align: center;\"><strong>WAVES 2.0 (Waste adding value to empower our society)<\/strong><\/h4>\n<\/p>\n<p><strong><\/strong><\/p>\n<p>[\/et_pb_text][et_pb_tabs admin_label=\u00a0\u00bbOnglets\u00a0\u00bb active_tab_background_color=\u00a0\u00bb#0c5d35&Prime; inactive_tab_background_color=\u00a0\u00bb#eb8b2d\u00a0\u00bb _builder_version=\u00a0\u00bb3.0.51&Prime; tab_font_size=\u00a0\u00bb13px\u00a0\u00bb tab_text_color=\u00a0\u00bb#ffffff\u00a0\u00bb body_text_color=\u00a0\u00bbrgba(0,0,0,0.74)\u00a0\u00bb use_border_color=\u00a0\u00bbon\u00a0\u00bb]<\/p>\n<p>[et_pb_tab title=\u00a0\u00bbQui \u00a0\u00bb _builder_version=\u00a0\u00bb3.0.47&Prime; tab_font=\u00a0\u00bb||||\u00a0\u00bb tab_line_height=\u00a0\u00bb2em\u00a0\u00bb tab_line_height_tablet=\u00a0\u00bb2em\u00a0\u00bb tab_line_height_phone=\u00a0\u00bb2em\u00a0\u00bb body_font=\u00a0\u00bb||||\u00a0\u00bb body_line_height=\u00a0\u00bb2em\u00a0\u00bb body_line_height_tablet=\u00a0\u00bb2em\u00a0\u00bb body_line_height_phone=\u00a0\u00bb2em\u00a0\u00bb background_size=\u00a0\u00bbinitial\u00a0\u00bb background_position=\u00a0\u00bbtop_left\u00a0\u00bb background_repeat=\u00a0\u00bbrepeat\u00a0\u00bb]<\/p>\n<p>La mairie de Sant Cugat del Vall\u00e8s (Catalogne)<\/p>\n<p>[\/et_pb_tab][et_pb_tab title=\u00a0\u00bbL&rsquo;Enjeu\u00a0\u00bb _builder_version=\u00a0\u00bb3.0.47&Prime; tab_font=\u00a0\u00bb||||\u00a0\u00bb tab_line_height=\u00a0\u00bb2em\u00a0\u00bb tab_line_height_tablet=\u00a0\u00bb2em\u00a0\u00bb tab_line_height_phone=\u00a0\u00bb2em\u00a0\u00bb body_font=\u00a0\u00bb||||\u00a0\u00bb body_line_height=\u00a0\u00bb2em\u00a0\u00bb body_line_height_tablet=\u00a0\u00bb2em\u00a0\u00bb body_line_height_phone=\u00a0\u00bb2em\u00a0\u00bb background_size=\u00a0\u00bbinitial\u00a0\u00bb background_position=\u00a0\u00bbtop_left\u00a0\u00bb background_repeat=\u00a0\u00bbrepeat\u00a0\u00bb]<\/p>\n<p>La municipalit\u00e9 de Sant Cugat est pionni\u00e8re dans le d\u00e9ploiement de strat\u00e9gies d\u2019\u00e9conomie circulaire, au niveau r\u00e9sidentiel comme industriel. A ce titre, la ville souhaitait prolonger cette strat\u00e9gie dans le cadre d\u2019un projet europ\u00e9en en r\u00e9ponse au programme de financement Horizon 2020.<\/p>\n<p>[\/et_pb_tab][et_pb_tab title=\u00a0\u00bbL&rsquo;apport Edenway\u00a0\u00bb _builder_version=\u00a0\u00bb3.0.47&Prime; tab_font=\u00a0\u00bb||||\u00a0\u00bb tab_line_height=\u00a0\u00bb2em\u00a0\u00bb tab_line_height_tablet=\u00a0\u00bb2em\u00a0\u00bb tab_line_height_phone=\u00a0\u00bb2em\u00a0\u00bb body_font=\u00a0\u00bb||||\u00a0\u00bb body_line_height=\u00a0\u00bb2em\u00a0\u00bb body_line_height_tablet=\u00a0\u00bb2em\u00a0\u00bb body_line_height_phone=\u00a0\u00bb2em\u00a0\u00bb background_size=\u00a0\u00bbinitial\u00a0\u00bb background_position=\u00a0\u00bbtop_left\u00a0\u00bb background_repeat=\u00a0\u00bbrepeat\u00a0\u00bb]<\/p>\n<p>Apr\u00e8s une phase d\u2019analyse strat\u00e9gique et de recherche de partenaires idoines pour monter un projet innovant d\u2019\u00e9conomie circulaire, Edenway s\u2019est charg\u00e9 de la coordination du consortium, dans lequel il intervenait \u00e9galement comme partenaire technique.<\/p>\n<p>Edenway a d\u00e9fini la strat\u00e9gie de la municipalit\u00e9 quant \u00e0 sa participation au projet WAVES 2.0. Celle-ci pr\u00e9voyait alors\u00a0:<\/p>\n<p>-Pr\u00e9paration \u00e0 la r\u00e9utilisation<\/p>\n<p>-Compostage pour les jardins urbains<\/p>\n<p>-Contr\u00f4le de la qualit\u00e9 et de la quantit\u00e9 de ressources capt\u00e9es<\/p>\n<p>-D\u00e9veloppement d\u2019une application pour soutenir la communication autour de ces th\u00e9matiques<\/p>\n<p>-Soutien aux entrepreneurs souhaitant d\u00e9velopper des technologies et des formes innovantes et plus efficientes de produire ou consommer.<\/p>\n<p>[\/et_pb_tab][et_pb_tab title=\u00a0\u00bbLes r\u00e9sultats \u00a0\u00bb _builder_version=\u00a0\u00bb3.0.47&Prime; tab_font=\u00a0\u00bb||||\u00a0\u00bb tab_line_height=\u00a0\u00bb2em\u00a0\u00bb tab_line_height_tablet=\u00a0\u00bb2em\u00a0\u00bb tab_line_height_phone=\u00a0\u00bb2em\u00a0\u00bb body_font=\u00a0\u00bb||||\u00a0\u00bb body_line_height=\u00a0\u00bb2em\u00a0\u00bb body_line_height_tablet=\u00a0\u00bb2em\u00a0\u00bb body_line_height_phone=\u00a0\u00bb2em\u00a0\u00bb background_size=\u00a0\u00bbinitial\u00a0\u00bb background_position=\u00a0\u00bbtop_left\u00a0\u00bb background_repeat=\u00a0\u00bbrepeat\u00a0\u00bb]<\/p>\n<p>Un consortium s\u2019est mont\u00e9 autour de plusieurs villes europ\u00e9ennes (Ljubljana, Valence, et Mafra) et entreprises priv\u00e9es (Snaga, ISQ, LAS NAVES, MOBA Automobile, ARC, et UrbanDNA).<\/p>\n<p>[\/et_pb_tab]<\/p>\n<p>[\/et_pb_tabs][\/et_pb_column][\/et_pb_row][\/et_pb_section]<\/p>\n","protected":false},"excerpt":{"rendered":"<p>[et_pb_section bb_built=\u00a0\u00bb1&Prime; admin_label=\u00a0\u00bbSection\u00a0\u00bb background_color=\u00a0\u00bb#eb8b2d\u00a0\u00bb custom_padding=\u00a0\u00bb8px|0px|4px|0px\u00a0\u00bb _builder_version=\u00a0\u00bb3.0.51&Prime;][et_pb_row admin_label=\u00a0\u00bbLigne\u00a0\u00bb _builder_version=\u00a0\u00bb3.0.47&Prime; background_size=\u00a0\u00bbinitial\u00a0\u00bb background_position=\u00a0\u00bbtop_left\u00a0\u00bb background_repeat=\u00a0\u00bbrepeat\u00a0\u00bb][et_pb_column type=\u00a0\u00bb4_4&Prime;][et_pb_text admin_label=\u00a0\u00bbTexte\u00a0\u00bb _builder_version=\u00a0\u00bb3.0.51&Prime;] \u00c9CONOMIE CIRCULAIRE [\/et_pb_text][\/et_pb_column][\/et_pb_row][\/et_pb_section][et_pb_section bb_built=\u00a0\u00bb1&Prime; admin_label=\u00a0\u00bbsection\u00a0\u00bb custom_padding=\u00a0\u00bb46px|0px|0px|0px\u00a0\u00bb _builder_version=\u00a0\u00bb3.0.47&Prime;][et_pb_row admin_label=\u00a0\u00bbrow\u00a0\u00bb _builder_version=\u00a0\u00bb3.0.51&Prime;][et_pb_column type=\u00a0\u00bb4_4&Prime;][et_pb_text admin_label=\u00a0\u00bbTexte\u00a0\u00bb _builder_version=\u00a0\u00bb3.0.51&Prime;] Edenway propose de transformer de mani\u00e8re durable les lin\u00e9arit\u00e9s d\u2019une ville, en actions de retour (innovation circulaire) gr\u00e2ce aux interconnexions entre les flux de mat\u00e9riaux et les flux d\u2019information [&hellip;]<\/p>\n","protected":false},"author":1,"featured_media":0,"parent":244,"menu_order":0,"comment_status":"closed","ping_status":"closed","template":"","meta":{"_et_pb_use_builder":"on","_et_pb_old_content":"","_et_gb_content_width":"","footnotes":""},"class_list":["post-281","page","type-page","status-publish","hentry"],"_links":{"self":[{"href":"http:\/\/www.edenwaygroup.com\/fr\/wp-json\/wp\/v2\/pages\/281","targetHints":{"allow":["GET"]}}],"collection":[{"href":"http:\/\/www.edenwaygroup.com\/fr\/wp-json\/wp\/v2\/pages"}],"about":[{"href":"http:\/\/www.edenwaygroup.com\/fr\/wp-json\/wp\/v2\/types\/page"}],"author":[{"embeddable":true,"href":"http:\/\/www.edenwaygroup.com\/fr\/wp-json\/wp\/v2\/users\/1"}],"replies":[{"embeddable":true,"href":"http:\/\/www.edenwaygroup.com\/fr\/wp-json\/wp\/v2\/comments?post=281"}],"version-history":[{"count":0,"href":"http:\/\/www.edenwaygroup.com\/fr\/wp-json\/wp\/v2\/pages\/281\/revisions"}],"up":[{"embeddable":true,"href":"http:\/\/www.edenwaygroup.com\/fr\/wp-json\/wp\/v2\/pages\/244"}],"wp:attachment":[{"href":"http:\/\/www.edenwaygroup.com\/fr\/wp-json\/wp\/v2\/media?parent=281"}],"curies":[{"name":"wp","href":"https:\/\/api.w.org\/{rel}","templated":true}]}}